{"id":880,"date":"2014-08-21T18:34:59","date_gmt":"2014-08-21T18:34:59","guid":{"rendered":"http:\/\/koenigshof-schuby.de\/wordpress\/?page_id=880"},"modified":"2025-01-07T17:47:35","modified_gmt":"2025-01-07T17:47:35","slug":"unser-angebot","status":"publish","type":"page","link":"https:\/\/koenigshof-schuby.de\/wordpress\/unser-angebot\/","title":{"rendered":"Unser Angebot"},"content":{"rendered":"<p>Auf dem K\u00f6nigshof in Schuby bieten wir individuellen und qualifizierten Reitunterricht f\u00fcr Kinder und Erwachsene an. Reitsch\u00fcler k\u00f6nnen auf unseren gut ausgebildeten Pferden und Ponys erste Reiterfahrungen sammeln, gef\u00fchrte Gel\u00e4nderitte durchf\u00fchren oder f\u00fcr Abzeichen und Turnierpr\u00fcfungen trainieren. Der abwechslungsreiche Reitunterricht finden in kleinen Gruppen statt.<\/p>\n<p>K\u00f6nigshof Schuby<br \/>\nStephanie Kr\u00f6tki<br \/>\nJ\u00e4gerkrug 7<br \/>\n24850 Schuby<br \/>\n01703275580<br \/>\nkoenigshof-schuby@gmx.de<\/p>\n<p><strong>\u00c4nderung unserer Preise und Leistungen<\/strong><br \/>\nLiebe Reiter, Pferdebesitzer, Eltern.<br \/>\n3 Jahre Ausbildungszeit zum Pferdewirt mit Schwerpunkt Zucht und Haltung hat Justine in unserem Betrieb nun geschafft.<br \/>\nZumeist hat sich Justine durch ihre aufgeschlossene, freundliche Art und ihre fachliche Qualifizierung sehr beliebt gemacht. Wir haben uns dazu entschlossen sie nach bestandener Abschlusspr\u00fcfung als Facharbeiterin zu \u00fcbernehmen. Um auf der einen Seite ein faires Gehalt zahlen zu k\u00f6nnen und andererseits die Versorgung unserer Pferde und Ponys weiterhin auf dem gewohnt hohen Niveau halten zu k\u00f6nnen, ist es unumg\u00e4nglich die Preise anzupassen.<\/p>\n<p>Ab dem 01.07.2022 gelten somit die im Folgenden Beschriebenen Preise und Leistungen- alle Vertr\u00e4ge gelten hiermit als zum 01.07. ge\u00e4ndert, Pensionsvertr\u00e4ge zum 01.06.2022.<br \/>\n<strong>Reitbeteiligung Kinder und Jugendliche<\/strong><br \/>\nPreis : 85\u20ac monatlich<br \/>\nLeistungen :<br \/>\n&#8211; vertraglich geregelt sind 2 Reiteinheiten in der Woche, weiterhin geht der Betrieb gern in Vorleistung, die Reiter k\u00f6nnen gern \u00f6fter kommen, aber immer abgesprochen- so dass eventuelle Fehlzeiten bereits im Vorfeld ausgeglichen sind- auf den Ausgleich von Fehlzeiten besteht kein Anspruch<br \/>\n&#8211; kurzfristig abgesagte Termine gelten als genommen<br \/>\n&#8211; feste Einteilung der Pferde und Ponys, es kann immer zu einem Wechsel kommen- bevor ein Pony zweimal l\u00e4uft und zwei andere stehen bleiben<br \/>\n&#8211; die Versorgung des Ponys geh\u00f6rt zwingend dazu! Es ist genug Zeit einzuplanen, um vor oder nach dem Reiten kleinere Stalldienstaufgaben zu \u00fcbernehmen<br \/>\n&#8211; die Termine m\u00fcssen am Ende der einen Woche\/ Wochenende f\u00fcr die n\u00e4chste Woche verbindlich abgesprochen werden<br \/>\n&#8211; die Reiteinheiten sind in der Regel mindestens beaufsichtigt- bei den sicheren Reitern ab Leistungsstand RA6 kann in Gruppen ohne betriebliche Aufsicht geritten\/ das Pony gearbeitet werden, aber nur im abgesprochenen Rahmen<br \/>\n&#8211; es wird nicht jedes Mal geritten: Bodenarbeit, Pferdepflege, Sattelpflege etc. geh\u00f6ren absolut dazu<br \/>\n&#8211; Teilnahme an Fortbildungsma\u00dfnahmen wie Abzeichenpr\u00fcfungen ist Voraussetzung<br \/>\n&#8211; Teilnahme an Aktionen wie Ausflug zur Nordsee, Wanderritt, Ringreiten etc. ist m\u00f6glich<br \/>\n&#8211; Mitgliedschaft im Verein ist immer erforderlich<br \/>\n&#8211; Wir stellen Freizeitpartner und Freunde mit hochwertigem Equipment zur Verf\u00fcgung, diese(s) m\u00f6chte(n) ad\u00e4quat versorgt werden, im Falle dass das Lieblingspony ausf\u00e4llt sorgt der Betrieb f\u00fcr Ersatz, wobei die Versorgung des Reitbeteiligungspferdes immer mit eingeplant werden soll!<\/p>\n<p><strong>Reitbeteiligung Erwachsene<\/strong><br \/>\nPreis: 120\u20ac monatlich<br \/>\nLeistungen :<br \/>\n-vertraglich geregelt ist 1 Reiteinheit in der Woche, weiterhin geht der Betrieb gern in Vorleistung, die Reiter k\u00f6nnen gern \u00f6fter kommen, aber immer abgesprochen- so dass eventuelle Fehlzeiten bereits im Vorfeld ausgeglichen sind- auf den Ausgleich von Fehlzeiten besteht kein Anspruch<br \/>\n&#8211; feste Einteilung der Pferde und Ponys, es kann aber zu einem Wechsel kommen- bevor ein Pony zweimal l\u00e4uft und zwei andere stehen bleiben<br \/>\n&#8211; die Reiteinheiten k\u00f6nnen flexibel und in der Regel auch kurzfristig gemeldet werden<br \/>\n&#8211; prinzipiell ist der Reitunterricht im Preis inbegriffen, aber es wird nicht jede Reiteinheit durch einen Trainer begleitet<br \/>\n&#8211; der faire, \u00fcbersichtliche und sichere Umgang mit dem Pferd \/ Pony wird absolut vorausgesetzt!<br \/>\n&#8211; Es ist gen\u00fcgend Zeit einzuplanen um das Pferd\/ Pony mindestens ausreichend zum reiten vorzubereiten und danach abzupflegen- hierzu geh\u00f6rt auch das Bemern und grasen gehen<\/p>\n<p><strong>Ponyreitstunde II ab 8 Jahre<\/strong><br \/>\nPreis : 70\u20ac monatlich,<br \/>\nzahlbar ab 01.07.2022 auf das Betriebskonto VR Bank Nord eG DE59 2176 3542 0000 2944 46<br \/>\nLeistungen :<br \/>\n&#8211; ein fester Reittag in der Woche<br \/>\n&#8211; in den Ferien einzeln zu besprechen, da die Nachmittagstermine dann in der Regel nicht stattfinden, es sei denn sie sind besprochen<br \/>\n&#8211; feste Ponys innerhalb der Gruppe, aber nicht jedes Mal erh\u00e4lt jedes Kind das gleiche Pony<br \/>\n&#8211; es wird nicht jedes Mal geritten, Bodenarbeit, Theorieeinheiten und Sattelpflege geh\u00f6ren auch zu den Einheiten<br \/>\n&#8211; die Versorgung des Ponys vor und nach dem Reiten, das Wegr\u00e4umen des Equipment geh\u00f6ren zur Reiteinheit<br \/>\n&#8211; Zeit: 15-17Uhr, in der ein Trainer zur Verf\u00fcgung steht<br \/>\n&#8211; Ziel: selbstst\u00e4ndiger, sicherer und handlungskompetenter Umgang mit dem Pony, um beizeiten eine Reitbeteiligung \u00fcbernehmen zu k\u00f6nnen<br \/>\n&#8211; Geritten wird Schritt, Trab, Galopp, anf\u00e4nglich auch \u00fcber Stangen und ins Gel\u00e4nde<br \/>\n&#8211; Die Anrechnung der Bildungskarte ist nicht m\u00f6glich<\/p>\n<p><strong>Ponyreitstunde ab 6 Jahre<\/strong><br \/>\nPreis :- 65\u20ac monatlich, Bildungskarte kann angerechnet werden<br \/>\nLeistungen :<br \/>\n&#8211; Leistung des Vereins PSV K\u00f6nigshof Schuby e.V.<br \/>\n&#8211; ein fester Reittermin in der Woche<br \/>\n&#8211; in den Ferien einzeln zu besprechen, da die Nachmittagstermine dann in der Regel nicht stattfinden, es sei denn sie sind besprochen<br \/>\n&#8211; feste Ponys innerhalb der Gruppe, aber nicht jedes Mal erh\u00e4lt jedes Kind das gleiche Pony, in der Regel teilen sich zwei Kinder ein Pony<br \/>\n&#8211; es wird nicht jedes Mal geritten, Bodenarbeit, Theorieeinheiten und Sattelpflege geh\u00f6ren auch zu den Einheiten<br \/>\n&#8211; geritten wird in der Regel ohne Sattel oder mit Gurt, im Schritt, Trab und Galopp<br \/>\n&#8211; Ziel ist es, den Kindern in diesen Reiteinheiten den Grundstein f\u00fcr ein Tierwohl und pferdegerechtes Verst\u00e4ndnis zu vermitteln und dies immer in Zusammenhang mit den F\u00e4higkeiten der Reiter zu f\u00f6rdern<br \/>\n&#8211; Zeit: 15-17Uhr, in der Zeit ist st\u00e4ndig ein Trainer anwesend<br \/>\n&#8211; Die Bildungskarte kann angerechnet werden, jedoch nur bis zu einem Betrag von 5\u20ac monatlich<\/p>\n<p><strong>Ponyspass- f\u00fcr Kleine Reiter zwischen 3 und 6 Jahren<\/strong><br \/>\nPreis: :- 65\u20ac monatlich, Bildungskarte kann angerechnet werden<br \/>\nLeistungen:<br \/>\n&#8211; Leistung des PSV K\u00f6nigshof Schuby, ausgef\u00fchrt von den gro\u00dfen Vereinsm\u00e4dchen<br \/>\n&#8211; ein fester Reittermin in der Woche: Samstags 10-11.30 Uhr<br \/>\n&#8211; in den Ferien einzeln zu besprechen, da die Nachmittagstermine dann in der Regel nicht stattfinden, es sei denn sie sind besprochen<br \/>\n&#8211; feste Ponys innerhalb der Gruppe, aber nicht jedes Mal erh\u00e4lt jedes Kind das gleiche Pony\/ ein eigenes Pony<br \/>\n&#8211; es wird ohne Sattel geritten<br \/>\n&#8211; im Vordergrund steht Spa\u00df und Freude an der Bewegung mit und auf dem Pony<br \/>\n&#8211; Samstags 10-11.30\/12Uhr<br \/>\n&#8211; vom Verein organisiert<br \/>\n&#8211; die Bildungskarte kann angerechnet werden, jedoch nur bis zu einem Betrag von 5\u20ac monatlich<\/p>\n<p><strong>Einzelne Reitstunden<\/strong><br \/>\nWir m\u00f6chten unseren Pferden und Ponys durch feste Reiter ein gr\u00f6\u00dferes Ma\u00df an Wohlbefinden zusichern. Aus diesem Grund finden Reitstunden f\u00fcr ausw\u00e4rtige Reiter nur in Ausnahmef\u00e4llen statt.<br \/>\nPreis : 30\u20ac max. zu zweit, 60min.<br \/>\nEs besteht kein Anspruch auf ein festes Pferd.<br \/>\nAuch abgesagte Reitstunden m\u00fcssen bezahlt werden!<br \/>\nLeistungen : In der Regel das gleiche Pferd, zu abgesprochenen Stundeninhalten ( Springen\/ Dressur)<br \/>\nAusritt 60\u20ac nur in Begleitung eines Mitarbeiters, etwa 1,5h<\/p>\n<p><strong>Pensionspferdehaltung<\/strong><br \/>\nOffenstall : 300\u20ac<br \/>\nInnenbox : 350\u20ac<br \/>\nPaddockbox : 450\u20ac<br \/>\nLeistungen :<br \/>\n&#8211; t\u00e4gliches Ab\u00e4ppeln am Vormittag<br \/>\n&#8211; t\u00e4gliche Gesundheitskontrolle<br \/>\n&#8211; F\u00fctterung mit ausreichend Heu\/ Heulage<br \/>\n&#8211; Rausbringen am Vormittag<br \/>\n&#8211; Nach Absprache Vorstellen beim Schmied, Tierarzt, Umdecken<br \/>\n&#8211; Reitunterricht nach Absprache ist im Pensionspreis inkludiert<br \/>\n&#8211; Jeder Pferdebesitzer ist angehalten, kleinere Versorgungsarbeiten rund um sein Pferd zu \u00fcbernehmen: das Paddock, die Box vor\/ nach dem Reiten etc. noch einmal zu s\u00e4ubern, Wasser, Futter zu kontrollieren und ggf. nachzuf\u00fcllen.<br \/>\nIMMER wird bitte auch bei den Nachbarpferden geschaut, ob alles ok ist.<\/p>\n<p><a href=\"https:\/\/koenigshof-schuby.de\/wordpress\/wp-content\/uploads\/2022\/07\/KroJun2022_060_mini.jpg\"><img loading=\"lazy\" decoding=\"async\" class=\"alignleft size-full wp-image-3279\" src=\"https:\/\/koenigshof-schuby.de\/wordpress\/wp-content\/uploads\/2022\/07\/KroJun2022_060_mini.jpg\" alt=\"\" width=\"300\" height=\"200\" \/><\/a><\/p>\n","protected":false},"excerpt":{"rendered":"<p>Auf dem K\u00f6nigshof in Schuby bieten wir individuellen und qualifizierten Reitunterricht f\u00fcr Kinder und Erwachsene an. Reitsch\u00fcler k\u00f6nnen auf unseren gut ausgebildeten Pferden und Ponys erste Reiterfahrungen sammeln, gef\u00fchrte Gel\u00e4nderitte durchf\u00fchren oder f\u00fcr Abzeichen und Turnierpr\u00fcfungen trainieren. Der abwechslungsreiche Reitunterricht finden in kleinen Gruppen statt. K\u00f6nigshof Schuby Stephanie Kr\u00f6tki J\u00e4gerkrug 7 24850 Schuby 01703275580 koenigshof-schuby@gmx.de \u00c4nderung unserer Preise und Leistungen Liebe Reiter, Pferdebesitzer, Eltern. 3 Jahre Ausbildungszeit zum Pferdewirt mit Schwerpunkt Zucht und Haltung hat Justine in unserem Betrieb nun&#8230;<\/p>\n<p class=\"read-more\"><a class=\"btn btn-default\" href=\"https:\/\/koenigshof-schuby.de\/wordpress\/unser-angebot\/\">Weiterlesen<span class=\"screen-reader-text\"> Weiterlesen<\/span><\/a><\/p>\n","protected":false},"author":1,"featured_media":0,"parent":0,"menu_order":0,"comment_status":"closed","ping_status":"closed","template":"","meta":{"footnotes":""},"class_list":["post-880","page","type-page","status-publish","hentry"],"_links":{"self":[{"href":"https:\/\/koenigshof-schuby.de\/wordpress\/wp-json\/wp\/v2\/pages\/880","targetHints":{"allow":["GET"]}}],"collection":[{"href":"https:\/\/koenigshof-schuby.de\/wordpress\/wp-json\/wp\/v2\/pages"}],"about":[{"href":"https:\/\/koenigshof-schuby.de\/wordpress\/wp-json\/wp\/v2\/types\/page"}],"author":[{"embeddable":true,"href":"https:\/\/koenigshof-schuby.de\/wordpress\/wp-json\/wp\/v2\/users\/1"}],"replies":[{"embeddable":true,"href":"https:\/\/koenigshof-schuby.de\/wordpress\/wp-json\/wp\/v2\/comments?post=880"}],"version-history":[{"count":10,"href":"https:\/\/koenigshof-schuby.de\/wordpress\/wp-json\/wp\/v2\/pages\/880\/revisions"}],"predecessor-version":[{"id":3506,"href":"https:\/\/koenigshof-schuby.de\/wordpress\/wp-json\/wp\/v2\/pages\/880\/revisions\/3506"}],"wp:attachment":[{"href":"https:\/\/koenigshof-schuby.de\/wordpress\/wp-json\/wp\/v2\/media?parent=880"}],"curies":[{"name":"wp","href":"https:\/\/api.w.org\/{rel}","templated":true}]}}