{"id":600,"date":"2014-08-24T18:28:14","date_gmt":"2014-08-24T18:28:14","guid":{"rendered":"http:\/\/koenigshof-schuby.de\/wordpress\/?page_id=600"},"modified":"2021-03-04T14:38:38","modified_gmt":"2021-03-04T14:38:38","slug":"die-pferde-und-ponys","status":"publish","type":"page","link":"https:\/\/koenigshof-schuby.de\/wordpress\/die-pferde-und-ponys\/","title":{"rendered":"Die Pferde und Ponys"},"content":{"rendered":"<p>Auf dieser Seite stellen wir die Pferde und Ponys vor, die uns t\u00e4glich ihre Fellnasen entgegenhalten, um rausgebracht, gef\u00fcttert und geritten oder sonstwie bespa\u00dft zu werden.<\/p>\n<h2><u>Crash<\/u><\/h2>\n<table border=\"3\" bgcolor=\"#dcdcdc\" cellpadding=\"30\">\n<tbody>\n<tr>\n<td width=\"250\" style=\"float:left><a href=\" http:=\"\" koenigshof-schuby.de=\"\" wordpress=\"\" wp-content=\"\" uploads=\"\" 2014=\"\" 02=\"\" crashfebruar2014_mini.jpg\"=\"\"><img loading=\"lazy\" decoding=\"async\" src=\"http:\/\/koenigshof-schuby.de\/wordpress\/wp-content\/uploads\/2014\/02\/CrashFebruar2014_mini.jpg\" alt=\"CrashFebruar2014_mini\" width=\"300\" height=\"200\" class=\"alignleft size-full wp-image-396\"><\/td>\n<td><\/td>\n<td>Crash ist ein brauner Holsteiner Wallach. Er ist manchmal ein wenig \u00e4ngstlich, aber im Grunde ein herzensguter gro\u00dfer Brummb\u00e4r, der Saskias Herz im Sturm erobert hat. Er startet mit Saskias Tochter Lea gemeinsam ihre Turnierkarriere.<\/td>\n<\/tr>\n<\/tbody>\n<\/table>\n<hr size=\"5\" width=\"800\">\n<h2><u>Honeymoon Babe<\/u><\/h2>\n<table border=\"3\" bgcolor=\"#dcdcdc\" cellpadding=\"30\">\n<tbody>\n<tr>\n<td width=\"250\" style=\"float:left><a href=\" http:=\"\" koenigshof-schuby.de=\"\" wordpress=\"\" wp-content=\"\" uploads=\"\" 2014=\"\" 05=\"\" honey_klein.jpg\"=\"\"><img loading=\"lazy\" decoding=\"async\" src=\"http:\/\/koenigshof-schuby.de\/wordpress\/wp-content\/uploads\/2014\/05\/Honey_klein.jpg\" alt=\"Honey_klein\" width=\"300\" height=\"200\" class=\"alignleft size-full wp-image-712\"><\/td>\n<td><\/td>\n<td>Honeymoon Babe ist die zweite Super-Mami. Sie ist die Mutter von De Leyla, Harry, Pepito, Mira, Manchego und Martha, denen sie jeweils ihr Markenzeichen (Fuchs mit viel wei\u00df und die riesigen treuen Augen) vererbt hat. Sie selber tr\u00e4gt jeden Reiter -ob gro\u00df ob klein- brav durch die Gegend und wird auch gerne als Therapiepony eingesetzt, weil sie so lieb ist.<\/td>\n<\/tr>\n<\/tbody>\n<\/table>\n<hr size=\"5\" width=\"800\">\n<h2><u>Magic touched<\/u><\/h2>\n<table border=\"3\" bgcolor=\"#dcdcdc\" cellpadding=\"30\">\n<tbody>\n<tr>\n<td width=\"250\" style=\"float:left><a href=\" http:=\"\" koenigshof-schuby.de=\"\" wordpress=\"\" wp-content=\"\" uploads=\"\" 2014=\"\" 05=\"\" maggiemai2014_mini.jpg\"=\"\"><img loading=\"lazy\" decoding=\"async\" src=\"http:\/\/koenigshof-schuby.de\/wordpress\/wp-content\/uploads\/2014\/05\/MaggieMai2014_mini.jpg\" alt=\"MaggieMai2014_mini\" width=\"300\" height=\"200\" class=\"alignleft size-full wp-image-584\"><\/td>\n<td><\/td>\n<td>Maggie ist Silvrettas Tochter und macht gerade die ersten Schritte unter dem Reiter. Sie hat ein tolles Hinterbein und ist eine clevere junge Stute.<\/td>\n<\/tr>\n<\/tbody>\n<\/table>\n<hr size=\"5\" width=\"800\">\n<h2><u>Balou<\/u><\/h2>\n<table border=\"3\" bgcolor=\"#dcdcdc\" cellpadding=\"30\">\n<tbody>\n<tr>\n<td width=\"250\" style=\"float:left><a href=\" http:=\"\" koenigshof-schuby.de=\"\" wordpress=\"\" wp-content=\"\" uploads=\"\" 2014=\"\" 08=\"\" balou.jpg\"=\"\"><img loading=\"lazy\" decoding=\"async\" src=\"http:\/\/koenigshof-schuby.de\/wordpress\/wp-content\/uploads\/2014\/08\/Balou.jpg\" alt=\"Balou\" width=\"300\" height=\"200\" class=\"alignleft size-full wp-image-1089\"><\/td>\n<td><\/td>\n<td>Balou ist Kerstins Augenstern.<\/td>\n<\/tr>\n<\/tbody>\n<\/table>\n<hr size=\"5\" width=\"800\">\n<p>Weitere folgen, wenn die Seite wieder aktualisiert ist.<\/p>\n","protected":false},"excerpt":{"rendered":"<p>Auf dieser Seite stellen wir die Pferde und Ponys vor, die uns t\u00e4glich ihre Fellnasen entgegenhalten, um rausgebracht, gef\u00fcttert und geritten oder sonstwie bespa\u00dft zu werden. Crash Honeymoon Babe ist die zweite Super-Mami. Sie ist die Mutter von De Leyla, Harry, Pepito, Mira, Manchego und Martha, denen sie jeweils ihr Markenzeichen (Fuchs mit viel wei\u00df und die riesigen treuen Augen) vererbt hat. Sie selber tr\u00e4gt jeden Reiter -ob gro\u00df ob klein- brav durch die Gegend und wird auch gerne als&#8230;<\/p>\n<p class=\"read-more\"><a class=\"btn btn-default\" href=\"https:\/\/koenigshof-schuby.de\/wordpress\/die-pferde-und-ponys\/\">Weiterlesen<span class=\"screen-reader-text\"> Weiterlesen<\/span><\/a><\/p>\n","protected":false},"author":1,"featured_media":0,"parent":0,"menu_order":0,"comment_status":"closed","ping_status":"closed","template":"","meta":{"footnotes":""},"class_list":["post-600","page","type-page","status-publish","hentry"],"_links":{"self":[{"href":"https:\/\/koenigshof-schuby.de\/wordpress\/wp-json\/wp\/v2\/pages\/600","targetHints":{"allow":["GET"]}}],"collection":[{"href":"https:\/\/koenigshof-schuby.de\/wordpress\/wp-json\/wp\/v2\/pages"}],"about":[{"href":"https:\/\/koenigshof-schuby.de\/wordpress\/wp-json\/wp\/v2\/types\/page"}],"author":[{"embeddable":true,"href":"https:\/\/koenigshof-schuby.de\/wordpress\/wp-json\/wp\/v2\/users\/1"}],"replies":[{"embeddable":true,"href":"https:\/\/koenigshof-schuby.de\/wordpress\/wp-json\/wp\/v2\/comments?post=600"}],"version-history":[{"count":162,"href":"https:\/\/koenigshof-schuby.de\/wordpress\/wp-json\/wp\/v2\/pages\/600\/revisions"}],"predecessor-version":[{"id":3141,"href":"https:\/\/koenigshof-schuby.de\/wordpress\/wp-json\/wp\/v2\/pages\/600\/revisions\/3141"}],"wp:attachment":[{"href":"https:\/\/koenigshof-schuby.de\/wordpress\/wp-json\/wp\/v2\/media?parent=600"}],"curies":[{"name":"wp","href":"https:\/\/api.w.org\/{rel}","templated":true}]}}