{"id":3210,"date":"2022-01-09T15:22:13","date_gmt":"2022-01-09T15:22:13","guid":{"rendered":"https:\/\/koenigshof-schuby.de\/wordpress\/?page_id=3210"},"modified":"2022-01-09T15:25:51","modified_gmt":"2022-01-09T15:25:51","slug":"reitbeteiligung","status":"publish","type":"page","link":"https:\/\/koenigshof-schuby.de\/wordpress\/reitbeteiligung\/","title":{"rendered":"Reitbeteiligung"},"content":{"rendered":"<p>Wir bieten verschiedene Reitbeteiligungen an. Auf Pensionspferden und auf den betriebseigenen Pferden\/ Ponys. In beiden Modellen sind die Leistungen, Pflichten und Rechte \u00fcbereinstimmend &#8211; bei Privatpferden kommen jedoch nur Personen \u00fcber 18 in Frage.<\/p>\n<p>Kostenpunkt der Reitbeteiligung sind f\u00fcr Kinder und Jugendliche 70\u20ac monatlich und f\u00fcr Erwachsene 100\u20ac monatlich. Vertraglich geregelt ist die Anzahl der Reiteinheiten. Bei Kindern und Jugendlichen sind dies 2 Reiteinheiten in der Woche, bei Erwachsenen eine &#8211; dies ist ein Richtwert, um f\u00fcr vertragliche Klarheit zu sorgen. Gern k\u00f6nnen die Reiter (nach Absprache) \u00f6fter kommen und Zeit mit den Pferden und Ponys verbringen. Sollte es in einem Monat mal so sein, dass ein Reiter nur 2-3 Mal zum Pferd kommen kann, werden solche Fehlzeiten bereits im Vorfeld aufgefangen.<\/p>\n<p style=\"text-align: left;\">Wer eine Reitbeteiligung bei uns \u00fcbernehmen m\u00f6chte, muss bereits sehr sicher mit einem Pferd oder Pony umgehen k\u00f6nnen.<\/p>\n<p style=\"text-align: center;\">Kleine Kinder &#8211; kleine Ponys!<\/p>\n<p style=\"text-align: left;\">Das Verh\u00e4ltnis vom Reiter zum Pferd muss passen, je gr\u00f6\u00dfer das Pferd, desto h\u00f6her m\u00fcssen Sattel und Trense gewuchtet werden. Um wirklich Selbstst\u00e4ndigkeit und Handlungskompetenz zu erreichen, bekommen alle Reiter in der Regel ein Pferd, das gr\u00f6\u00dfentechnisch passt.<\/p>\n<p>Mit den Reitbeteiligungen stellen wir Freizeit und Sport<strong>PARTNER<\/strong> zur Verf\u00fcgung. Schnell werden dies echte vierbeinige Freunde. Und um seinen Freund k\u00fcmmert man sich! Wir sind es dem Tier schuldig, m\u00f6glichst viel \u00fcber sein Wesen, seine Vorlieben und Abneigungen, seine artgerechte Haltung und seine Natur zu lernen. Es geh\u00f6rt weit mehr als das Reiten zum echten Pferdemenschen!<br \/>\nWir erwarten von unseren Reitern einen liebevollen und umsichtigen Umgang mit den zur Verf\u00fcgung gestellten Tieren. Wir erwarten, das jeder im Rahmen seiner M\u00f6glichkeiten die Versorgung der Pferde und Ponys sicherstellt. Es sind keine Arbeitsdienste vorgeschrieben, aber es sollte f\u00fcr jeden Pferdefreund selbstverst\u00e4ndlich sein, dass er die &#8222;\u00c4ppel&#8220; aus der Box oder dem Paddock heraus nimmt oder ein leeres Heunetz durch ein volles austauscht. Gelegentliche Stalldienste an den Wochenenden, in den Ferien oder im Urlaub verhelfen zu einem gemeinschaftlichen Ambiente und dazu, sein Lieblingstier Pferd besser kennenzulernen.<\/p>\n<p>F\u00fcr die Reiteinheiten sollten gute 2,5h- besser 3h eingeplant werden: Das Pferd wird rechtzeitig zur abgesprochenen Zeit geholt, ausgiebig geputzt, gern gebemert, sorgsam gesattelt und dann p\u00fcnktlich zur Reitstunde zum Reitplatz gebracht. Nach der Reiteinheit wird das Pferd abgepflegt, das Sattelzeug sauber und vollst\u00e4ndig zur\u00fcck geh\u00e4ngt und das Pony in einen sauberen Paddock\/ eine saubere Box, mit vollem Heunetz und sauberem Wassertrog gestellt. Wenn dann ein anderer Reiter noch Unterst\u00fctzung braucht, oder ein anderes Pferd geputzt werden m\u00f6chte, sollte man noch ein paar Minuten er\u00fcbrigen k\u00f6nnen.<\/p>\n<p>Auf dem K\u00f6nigshof lernen die gro\u00dfen und kleinen Reiter \u00fcber jegliche Art der Bewegung von Pferden und Ponys. Hier wird nicht nur mit dem Springsattel gesprungen und dem Dressursattel Dressur geritten &#8211; wir reiten ohne Sattel, arbeiten am Langz\u00fcgel, an der Doppellonge, fahren, fahren vom Boden, lassen Freispringen und reiten ins Gel\u00e4nde. Dieses geh\u00f6rt zu den abwechslungsreichen Einheiten. Wir versuchen durch viele verschiedene Aktionen, jedem Reiter und nat\u00fcrlich den Pferden und Ponys Highlights und unvergessliche Momente zu erm\u00f6glichen. Dieses aber nur mit den Reitern, die sich gemeinschaftlich bet\u00e4tigen.<\/p>\n<p>Viele unserer Ponys sind eingetragene Sportpferde und erfahren in Parcours und Dressurviereck.<br \/>\nInteressierten Pferdesportlern den Einstieg in die Turnierreiterei zu verschaffen, ist durchaus m\u00f6glich, aber hierf\u00fcr m\u00fcssen die Reiter willens sein, die dadurch rundherum anfallenden Aufwendungen mitzutragen.<\/p>\n<p>Derzeit sind auf der Suche nach einer Reitbeteiligung:<\/p>\n<p><strong>Ravenjo<a href=\"https:\/\/koenigshof-schuby.de\/wordpress\/wp-content\/uploads\/2022\/01\/Rav001.jpg\"><img loading=\"lazy\" decoding=\"async\" class=\"alignleft size-full wp-image-3214\" src=\"https:\/\/koenigshof-schuby.de\/wordpress\/wp-content\/uploads\/2022\/01\/Rav001.jpg\" alt=\"\" width=\"500\" height=\"327\" srcset=\"https:\/\/koenigshof-schuby.de\/wordpress\/wp-content\/uploads\/2022\/01\/Rav001.jpg 500w, https:\/\/koenigshof-schuby.de\/wordpress\/wp-content\/uploads\/2022\/01\/Rav001-300x196.jpg 300w, https:\/\/koenigshof-schuby.de\/wordpress\/wp-content\/uploads\/2022\/01\/Rav001-413x270.jpg 413w\" sizes=\"auto, (max-width: 500px) 100vw, 500px\" \/><\/a><br \/>\n<\/strong><span style=\"font-size: revert; color: initial;\">8j\u00e4hriger Knapstrupper-Tinker-Mix, 155cm gro\u00df. Ravenjo ist Privatpferd und sehr vielseitig. Er ist wirklich &#8222;schussfest&#8220; was \u00e4u\u00dfere Einfl\u00fcsse angeht, aber ab und an hat er &#8222;bunte Knete im Kopf&#8220; und macht seine Sp\u00e4\u00dfe. F\u00fcr Ravenjo w\u00fcnschen wir uns eine liebevoll konsequente, erwachsene Reitbeteiligung, die ihn munter umsorgt und seine Besitzerin entlastet.<\/span><\/p>\n<p><strong>Fay<br \/>\n<\/strong>Eine 20-j\u00e4hrige 175cm gro\u00dfe Warmblutstute, die gerade antrainiert wird. Gut grundausgebildet und altersentsprechend \u00fcbersichtlich in Temperament und Charakter, w\u00fcnschen wir uns f\u00fcr Fay einen Erwachsenen, f\u00fcr den gesunderhaltendes Arbeiten mit einem so gro\u00dfen Pferd an erster Stelle steht. (Bild folgt)<\/p>\n<p>F\u00fcr ein <strong>weiteres Pensionspferd<\/strong> suchen wir einen ambitionierten sportlichen Reiter. Ein spritziger, aber braver Wallach m\u00f6chte gef\u00f6rdert werden.<\/p>\n","protected":false},"excerpt":{"rendered":"<p>Wir bieten verschiedene Reitbeteiligungen an. Auf Pensionspferden und auf den betriebseigenen Pferden\/ Ponys. In beiden Modellen sind die Leistungen, Pflichten und Rechte \u00fcbereinstimmend &#8211; bei Privatpferden kommen jedoch nur Personen \u00fcber 18 in Frage. Kostenpunkt der Reitbeteiligung sind f\u00fcr Kinder und Jugendliche 70\u20ac monatlich und f\u00fcr Erwachsene 100\u20ac monatlich. Vertraglich geregelt ist die Anzahl der Reiteinheiten. Bei Kindern und Jugendlichen sind dies 2 Reiteinheiten in der Woche, bei Erwachsenen eine &#8211; dies ist ein Richtwert, um f\u00fcr vertragliche Klarheit zu&#8230;<\/p>\n<p class=\"read-more\"><a class=\"btn btn-default\" href=\"https:\/\/koenigshof-schuby.de\/wordpress\/reitbeteiligung\/\">Weiterlesen<span class=\"screen-reader-text\"> Weiterlesen<\/span><\/a><\/p>\n","protected":false},"author":1,"featured_media":0,"parent":0,"menu_order":0,"comment_status":"closed","ping_status":"closed","template":"","meta":{"footnotes":""},"class_list":["post-3210","page","type-page","status-publish","hentry"],"_links":{"self":[{"href":"https:\/\/koenigshof-schuby.de\/wordpress\/wp-json\/wp\/v2\/pages\/3210","targetHints":{"allow":["GET"]}}],"collection":[{"href":"https:\/\/koenigshof-schuby.de\/wordpress\/wp-json\/wp\/v2\/pages"}],"about":[{"href":"https:\/\/koenigshof-schuby.de\/wordpress\/wp-json\/wp\/v2\/types\/page"}],"author":[{"embeddable":true,"href":"https:\/\/koenigshof-schuby.de\/wordpress\/wp-json\/wp\/v2\/users\/1"}],"replies":[{"embeddable":true,"href":"https:\/\/koenigshof-schuby.de\/wordpress\/wp-json\/wp\/v2\/comments?post=3210"}],"version-history":[{"count":6,"href":"https:\/\/koenigshof-schuby.de\/wordpress\/wp-json\/wp\/v2\/pages\/3210\/revisions"}],"predecessor-version":[{"id":3218,"href":"https:\/\/koenigshof-schuby.de\/wordpress\/wp-json\/wp\/v2\/pages\/3210\/revisions\/3218"}],"wp:attachment":[{"href":"https:\/\/koenigshof-schuby.de\/wordpress\/wp-json\/wp\/v2\/media?parent=3210"}],"curies":[{"name":"wp","href":"https:\/\/api.w.org\/{rel}","templated":true}]}}