{"id":31,"date":"2013-10-11T08:19:30","date_gmt":"2013-10-11T08:19:30","guid":{"rendered":"http:\/\/koenigshof-schuby.de\/?page_id=31"},"modified":"2014-08-20T20:23:20","modified_gmt":"2014-08-20T20:23:20","slug":"impressionen","status":"publish","type":"page","link":"https:\/\/koenigshof-schuby.de\/wordpress\/impressionen\/","title":{"rendered":"Kontakt"},"content":{"rendered":"<p>K\u00f6nigshof Schuby<br \/>\nStephanie Kr\u00f6tki<br \/>\nJ\u00e4gerkrug 7<br \/>\n24850 Schuby<\/p>\n<p>01703275580<br \/>\nkoenigshof-schuby@gmx.de<\/p>\n","protected":false},"excerpt":{"rendered":"<p>K\u00f6nigshof Schuby Stephanie Kr\u00f6tki J\u00e4gerkrug 7 24850 Schuby 01703275580 koenigshof-schuby@gmx.de<\/p>\n","protected":false},"author":1,"featured_media":0,"parent":0,"menu_order":0,"comment_status":"closed","ping_status":"closed","template":"","meta":{"footnotes":""},"class_list":["post-31","page","type-page","status-publish","hentry"],"_links":{"self":[{"href":"https:\/\/koenigshof-schuby.de\/wordpress\/wp-json\/wp\/v2\/pages\/31","targetHints":{"allow":["GET"]}}],"collection":[{"href":"https:\/\/koenigshof-schuby.de\/wordpress\/wp-json\/wp\/v2\/pages"}],"about":[{"href":"https:\/\/koenigshof-schuby.de\/wordpress\/wp-json\/wp\/v2\/types\/page"}],"author":[{"embeddable":true,"href":"https:\/\/koenigshof-schuby.de\/wordpress\/wp-json\/wp\/v2\/users\/1"}],"replies":[{"embeddable":true,"href":"https:\/\/koenigshof-schuby.de\/wordpress\/wp-json\/wp\/v2\/comments?post=31"}],"version-history":[{"count":116,"href":"https:\/\/koenigshof-schuby.de\/wordpress\/wp-json\/wp\/v2\/pages\/31\/revisions"}],"predecessor-version":[{"id":878,"href":"https:\/\/koenigshof-schuby.de\/wordpress\/wp-json\/wp\/v2\/pages\/31\/revisions\/878"}],"wp:attachment":[{"href":"https:\/\/koenigshof-schuby.de\/wordpress\/wp-json\/wp\/v2\/media?parent=31"}],"curies":[{"name":"wp","href":"https:\/\/api.w.org\/{rel}","templated":true}]}}