{"id":2125,"date":"2016-11-01T11:37:59","date_gmt":"2016-11-01T11:37:59","guid":{"rendered":"https:\/\/koenigshof-schuby.de\/wordpress\/?page_id=2125"},"modified":"2017-11-05T16:06:01","modified_gmt":"2017-11-05T16:06:01","slug":"kinderreitstunde-u6","status":"publish","type":"page","link":"https:\/\/koenigshof-schuby.de\/wordpress\/kinderreitstunde-u6\/","title":{"rendered":"Kinderreitstunde U6"},"content":{"rendered":"<p>Auf dem K\u00f6nigshof bieten wir regelm\u00e4\u00dfig Ponykurse und Reitstunden f\u00fcr Kinder unter 6 Jahren an.<\/p>\n<p>Das bedeutet: Viel Ponyspa\u00df f\u00fcr kleine Pferdefreunde!<\/p>\n<p>In einer kleinen Gruppe werden die Kinder spielerisch an das Thema &#8222;Pferd&#8220; herangef\u00fchrt. Mit braven Ponys lernen die kleinen Pferdefreunde den Umgang und das Reiten. <\/p>\n<p>Haben Sie Fragen? Rufen Sie mich gern an ! Stephanie Kr\u00f6tki 0170-3275580<\/p>\n<p><img decoding=\"async\" src=\"http:\/\/www.koenigshof-schuby.de\/Impressionen\/KiMai2016_023.jpg\" alt=\"Da ist der Fu\u00df ! :D\" \/><\/p>\n<p><a href=\"https:\/\/koenigshof-schuby.de\/wordpress\/wp-content\/uploads\/2016\/11\/KinMae2017_041.jpg\"><img loading=\"lazy\" decoding=\"async\" src=\"https:\/\/koenigshof-schuby.de\/wordpress\/wp-content\/uploads\/2016\/11\/KinMae2017_041.jpg\" alt=\"\" width=\"1000\" height=\"607\" class=\"alignleft size-full wp-image-2293\" srcset=\"https:\/\/koenigshof-schuby.de\/wordpress\/wp-content\/uploads\/2016\/11\/KinMae2017_041.jpg 1000w, https:\/\/koenigshof-schuby.de\/wordpress\/wp-content\/uploads\/2016\/11\/KinMae2017_041-300x182.jpg 300w, https:\/\/koenigshof-schuby.de\/wordpress\/wp-content\/uploads\/2016\/11\/KinMae2017_041-768x466.jpg 768w, https:\/\/koenigshof-schuby.de\/wordpress\/wp-content\/uploads\/2016\/11\/KinMae2017_041-624x379.jpg 624w\" sizes=\"auto, (max-width: 1000px) 100vw, 1000px\" \/><\/a><\/p>\n<p><img decoding=\"async\" src=\"http:\/\/www.koenigshof-schuby.de\/Impressionen\/KiMai2016_024.jpg\" alt=\"http:\/\/www.koenigshof-schuby.de\/Impressionen\/KiMai2016_024.jpg\" \/><\/p>\n<p><img decoding=\"async\" src=\"http:\/\/www.koenigshof-schuby.de\/Impressionen\/KiMai2016_030.jpg\" alt=\"http:\/\/www.koenigshof-schuby.de\/Impressionen\/KiMai2016_030.jpg\" \/><\/p>\n","protected":false},"excerpt":{"rendered":"<p>Auf dem K\u00f6nigshof bieten wir regelm\u00e4\u00dfig Ponykurse und Reitstunden f\u00fcr Kinder unter 6 Jahren an. Das bedeutet: Viel Ponyspa\u00df f\u00fcr kleine Pferdefreunde! In einer kleinen Gruppe werden die Kinder spielerisch an das Thema &#8222;Pferd&#8220; herangef\u00fchrt. Mit braven Ponys lernen die kleinen Pferdefreunde den Umgang und das Reiten. Haben Sie Fragen? Rufen Sie mich gern an ! Stephanie Kr\u00f6tki 0170-3275580<\/p>\n","protected":false},"author":1,"featured_media":0,"parent":0,"menu_order":0,"comment_status":"closed","ping_status":"closed","template":"","meta":{"footnotes":""},"class_list":["post-2125","page","type-page","status-publish","hentry"],"_links":{"self":[{"href":"https:\/\/koenigshof-schuby.de\/wordpress\/wp-json\/wp\/v2\/pages\/2125","targetHints":{"allow":["GET"]}}],"collection":[{"href":"https:\/\/koenigshof-schuby.de\/wordpress\/wp-json\/wp\/v2\/pages"}],"about":[{"href":"https:\/\/koenigshof-schuby.de\/wordpress\/wp-json\/wp\/v2\/types\/page"}],"author":[{"embeddable":true,"href":"https:\/\/koenigshof-schuby.de\/wordpress\/wp-json\/wp\/v2\/users\/1"}],"replies":[{"embeddable":true,"href":"https:\/\/koenigshof-schuby.de\/wordpress\/wp-json\/wp\/v2\/comments?post=2125"}],"version-history":[{"count":12,"href":"https:\/\/koenigshof-schuby.de\/wordpress\/wp-json\/wp\/v2\/pages\/2125\/revisions"}],"predecessor-version":[{"id":2294,"href":"https:\/\/koenigshof-schuby.de\/wordpress\/wp-json\/wp\/v2\/pages\/2125\/revisions\/2294"}],"wp:attachment":[{"href":"https:\/\/koenigshof-schuby.de\/wordpress\/wp-json\/wp\/v2\/media?parent=2125"}],"curies":[{"name":"wp","href":"https:\/\/api.w.org\/{rel}","templated":true}]}}