{"id":143,"date":"2014-08-21T18:01:00","date_gmt":"2014-08-21T18:01:00","guid":{"rendered":"http:\/\/koenigshof-schuby.de\/wordpress\/?page_id=143"},"modified":"2022-11-06T17:07:52","modified_gmt":"2022-11-06T17:07:52","slug":"das-team","status":"publish","type":"page","link":"https:\/\/koenigshof-schuby.de\/wordpress\/das-team\/","title":{"rendered":"Das Team"},"content":{"rendered":"<h2><u>Steffi<\/u><\/h2>\n<table border=\"3\" cellpadding=\"30\" bgcolor=\"#dcdcdc\">\n<tbody>\n<tr>\n<td style=\"float: left><a href=;\" width=\"250\"><img loading=\"lazy\" decoding=\"async\" class=\"alignleft size-full wp-image-991\" src=\"http:\/\/koenigshof-schuby.de\/wordpress\/wp-content\/uploads\/2014\/08\/Steffi.jpg\" alt=\"Steffi\" width=\"300\" height=\"200\"><\/td>\n<td><\/td>\n<td>Steffi (auf dem Bild mit ihrer \u00e4ltesten Tochter Lenja) h\u00e4lt die F\u00e4den auf dem Hof zusammen. Wenn sie nicht gerade die Kinder mit Eis verw\u00f6hnt, hat sie bestimmt gerade eine neue tolle Idee, wie die Reitsch\u00fcler ausgefallene Sachen mit &#8222;ihren&#8220; Pferden erleben k\u00f6nnen. Engagiert und immer einen Spruch auf den Lippen haucht sie dem Hof Leben ein.<\/td>\n<\/tr>\n<\/tbody>\n<\/table>\n<hr size=\"5\" width=\"800\">\n<h2><u>&#8222;Er&#8220;<\/u><\/h2>\n<table border=\"3\" cellpadding=\"30\" bgcolor=\"#dcdcdc\">\n<tbody>\n<tr>\n<td style=\"float: left><a href=;\" width=\"250\"><img loading=\"lazy\" decoding=\"async\" class=\"alignleft size-full wp-image-989\" src=\"http:\/\/koenigshof-schuby.de\/wordpress\/wp-content\/uploads\/2014\/08\/Er.jpg\" alt=\"Er\" width=\"300\" height=\"200\"><\/td>\n<td><\/td>\n<td>&#8222;Er&#8220; (er)tr\u00e4gt den t\u00e4glichen Wahnsinn mit Humor. Heimlich, still und leise werkelt &#8222;er&#8220; im Hintergrund und k\u00fcmmert sich um Haus und Hof, sei es Tore bauen, Zaun richten oder Kinder passen: &#8222;Er&#8220; macht alles mit links.<\/td>\n<\/tr>\n<\/tbody>\n<\/table>\n<hr size=\"5\" width=\"800\">\n<hr size=\"5\" width=\"800\">\n<h2><u>Saskia<\/u><\/h2>\n<table border=\"3\" cellpadding=\"30\" bgcolor=\"#dcdcdc\">\n<tbody>\n<tr>\n<td style=\"float: left><a href=;\" width=\"250\"><img loading=\"lazy\" decoding=\"async\" class=\"alignleft size-full wp-image-1778\" src=\"https:\/\/koenigshof-schuby.de\/wordpress\/wp-content\/uploads\/2016\/03\/VerM2016_091-1.jpg\" alt=\"VerM2016_091\" width=\"300\" height=\"200\" srcset=\"https:\/\/koenigshof-schuby.de\/wordpress\/wp-content\/uploads\/2016\/03\/VerM2016_091-1.jpg 1000w, https:\/\/koenigshof-schuby.de\/wordpress\/wp-content\/uploads\/2016\/03\/VerM2016_091-1-300x199.jpg 300w, https:\/\/koenigshof-schuby.de\/wordpress\/wp-content\/uploads\/2016\/03\/VerM2016_091-1-768x510.jpg 768w, https:\/\/koenigshof-schuby.de\/wordpress\/wp-content\/uploads\/2016\/03\/VerM2016_091-1-624x414.jpg 624w\" sizes=\"auto, (max-width: 300px) 100vw, 300px\" \/><\/td>\n<td><\/td>\n<td>Saskia, immer da f\u00fcr Gro\u00df und Klein, wenn jemand Hilfe ben\u00f6tigt. Und immer mit einem Spruch auf den Lippen ist sie nicht mehr wegzudenken.<\/td>\n<\/tr>\n<\/tbody>\n<\/table>\n<hr size=\"5\" width=\"800\">\n<h2><u>Simmi<\/u><\/h2>\n<table border=\"3\" cellpadding=\"30\" bgcolor=\"#dcdcdc\">\n<tbody>\n<tr>\n<td style=\"float: left><a href=;\" width=\"250\"><img loading=\"lazy\" decoding=\"async\" class=\"alignleft size-full wp-image-995\" src=\"http:\/\/koenigshof-schuby.de\/wordpress\/wp-content\/uploads\/2014\/08\/Simmi.jpg\" alt=\"Simmi\" width=\"300\" height=\"217\"><\/td>\n<td><\/td>\n<td>Simmi, mit viel Leidenschaft und Engagement hinter der Kamera, um den perfekten Moment einzufangen. Au\u00dferdem bildet sie die Shettys und anderen Ponys vor dem Wagen aus.<\/td>\n<\/tr>\n<\/tbody>\n<\/table>\n<hr size=\"5\" width=\"800\">\n<h2><u>Justine<\/u><\/h2>\n<table border=\"3\" cellpadding=\"30\" bgcolor=\"#dcdcdc\">\n<tbody>\n<tr>\n<td style=\"float: left><a href=;\" width=\"250\"><a href=\"https:\/\/koenigshof-schuby.de\/wordpress\/wp-content\/uploads\/2022\/03\/Azubi.jpg\"><img loading=\"lazy\" decoding=\"async\" class=\"alignleft size-full wp-image-3241\" src=\"https:\/\/koenigshof-schuby.de\/wordpress\/wp-content\/uploads\/2022\/03\/Azubi.jpg\" alt=\"\" width=\"1500\" height=\"1045\" srcset=\"https:\/\/koenigshof-schuby.de\/wordpress\/wp-content\/uploads\/2022\/03\/Azubi.jpg 1500w, https:\/\/koenigshof-schuby.de\/wordpress\/wp-content\/uploads\/2022\/03\/Azubi-300x209.jpg 300w, https:\/\/koenigshof-schuby.de\/wordpress\/wp-content\/uploads\/2022\/03\/Azubi-1024x713.jpg 1024w, https:\/\/koenigshof-schuby.de\/wordpress\/wp-content\/uploads\/2022\/03\/Azubi-768x535.jpg 768w, https:\/\/koenigshof-schuby.de\/wordpress\/wp-content\/uploads\/2022\/03\/Azubi-388x270.jpg 388w\" sizes=\"auto, (max-width: 1500px) 100vw, 1500px\" \/><\/a><\/td>\n<td><\/td>\n<td>Justine hat in unserem Betrieb gelernt und 2022 ihre Pr\u00fcfung zur Pferdewirtin mit besten Noten bestanden. Sie k\u00fcmmert sich um das Wohl der Zuchtstuten und Fohlen und nat\u00fcrlich auch ab und zu um die kleinen und gro\u00dfen Reitsch\u00fcler. Die Ponys freuen sich, wenn sie um die Ecke kommt, bedeutet es doch, dass es gleich etwas zu futtern gibt.<\/td>\n<\/tr>\n<\/tbody>\n<\/table>\n<h2><u>Imke<\/u><\/h2>\n<table border=\"3\" cellpadding=\"30\" bgcolor=\"#dcdcdc\">\n<tbody>\n<tr>\n<td style=\"float: left><a href=;\" width=\"250\"><a href=\"https:\/\/koenigshof-schuby.de\/wordpress\/wp-content\/uploads\/2021\/10\/ImkeOkt2021.jpg\"><img loading=\"lazy\" decoding=\"async\" class=\"alignleft wp-image-3189 size-full\" src=\"https:\/\/koenigshof-schuby.de\/wordpress\/wp-content\/uploads\/2021\/10\/ImkeOkt2021.jpg\" alt=\"\" width=\"500\" height=\"334\" srcset=\"https:\/\/koenigshof-schuby.de\/wordpress\/wp-content\/uploads\/2021\/10\/ImkeOkt2021.jpg 500w, https:\/\/koenigshof-schuby.de\/wordpress\/wp-content\/uploads\/2021\/10\/ImkeOkt2021-300x200.jpg 300w\" sizes=\"auto, (max-width: 500px) 100vw, 500px\" \/><\/a><\/td>\n<td><\/td>\n<td>Imke sorgt sich um das Wohl der Pferde und Ponys. Sie k\u00fcmmert sich auch gern um die ganz Kleinen in unserer Ponyreitschule.<\/td>\n<\/tr>\n<\/tbody>\n<\/table>\n","protected":false},"excerpt":{"rendered":"<p>Steffi Steffi (auf dem Bild mit ihrer \u00e4ltesten Tochter Lenja) h\u00e4lt die F\u00e4den auf dem Hof zusammen. Wenn sie nicht gerade die Kinder mit Eis verw\u00f6hnt, hat sie bestimmt gerade eine neue tolle Idee, wie die Reitsch\u00fcler ausgefallene Sachen mit &#8222;ihren&#8220; Pferden erleben k\u00f6nnen. Engagiert und immer einen Spruch auf den Lippen haucht sie dem Hof Leben ein. &#8222;Er&#8220; &#8222;Er&#8220; (er)tr\u00e4gt den t\u00e4glichen Wahnsinn mit Humor. Heimlich, still und leise werkelt &#8222;er&#8220; im Hintergrund und k\u00fcmmert sich um Haus und&#8230;<\/p>\n<p class=\"read-more\"><a class=\"btn btn-default\" href=\"https:\/\/koenigshof-schuby.de\/wordpress\/das-team\/\">Weiterlesen<span class=\"screen-reader-text\"> Weiterlesen<\/span><\/a><\/p>\n","protected":false},"author":1,"featured_media":0,"parent":0,"menu_order":0,"comment_status":"closed","ping_status":"closed","template":"","meta":{"footnotes":""},"class_list":["post-143","page","type-page","status-publish","hentry"],"_links":{"self":[{"href":"https:\/\/koenigshof-schuby.de\/wordpress\/wp-json\/wp\/v2\/pages\/143","targetHints":{"allow":["GET"]}}],"collection":[{"href":"https:\/\/koenigshof-schuby.de\/wordpress\/wp-json\/wp\/v2\/pages"}],"about":[{"href":"https:\/\/koenigshof-schuby.de\/wordpress\/wp-json\/wp\/v2\/types\/page"}],"author":[{"embeddable":true,"href":"https:\/\/koenigshof-schuby.de\/wordpress\/wp-json\/wp\/v2\/users\/1"}],"replies":[{"embeddable":true,"href":"https:\/\/koenigshof-schuby.de\/wordpress\/wp-json\/wp\/v2\/comments?post=143"}],"version-history":[{"count":45,"href":"https:\/\/koenigshof-schuby.de\/wordpress\/wp-json\/wp\/v2\/pages\/143\/revisions"}],"predecessor-version":[{"id":3382,"href":"https:\/\/koenigshof-schuby.de\/wordpress\/wp-json\/wp\/v2\/pages\/143\/revisions\/3382"}],"wp:attachment":[{"href":"https:\/\/koenigshof-schuby.de\/wordpress\/wp-json\/wp\/v2\/media?parent=143"}],"curies":[{"name":"wp","href":"https:\/\/api.w.org\/{rel}","templated":true}]}}